{"id":204,"date":"2024-10-05T15:53:37","date_gmt":"2024-10-05T06:53:37","guid":{"rendered":"https:\/\/cirlim-iv.com\/?page_id=204"},"modified":"2024-10-05T17:13:37","modified_gmt":"2024-10-05T08:13:37","slug":"topics","status":"publish","type":"page","link":"https:\/\/cirlim-iv.com\/es\/topics","title":{"rendered":"L\u00edneas tem\u00e1ticas"},"content":{"rendered":"<p class=\"wp-block-paragraph\">Este congreso tratar\u00e1 los temas siguientes:<\/p>\n\n\n\n<p class=\"wp-block-paragraph\"><strong>Diversidad ling\u00fc\u00edstica y Revitalizaci\u00f3n<\/strong><br>\u3000Intersecciones entre investigaci\u00f3n, teor\u00eda y pr\u00e1ctica<br>\u3000Historia de la diversidad: lengua y territorio<br>\u3000Documentaci\u00f3n de lenguas ind\u00edgenas y minoritarias: vocabulario y gram\u00e1tica<br>\u3000L1, L2, lenguas de origen extranjero o familiar (procedencia), lenguas ind\u00edgenas como lenguas globales<br>\u3000Lenguas ind\u00edgenas y tecnolog\u00eda<\/p>\n\n\n\n<p class=\"wp-block-paragraph\"><strong>Ense\u00f1anza y aprendizaje<\/strong><br>\u3000Buenas pr\u00e1cticas, metodolog\u00edas y estrategias<br>\u3000La pragm\u00e1tica en la ense\u00f1anza de idiomas<br>\u3000Etnograf\u00eda y diferentes narrativas sobre la ense\u00f1anza de idiomas, etnoeducaci\u00f3n<br>\u3000Sociedad digital y aprendizaje de idiomas<\/p>\n\n\n\n<p class=\"wp-block-paragraph\"><strong>Comunidades ling\u00fc\u00edsticas y Visiones socioculturales<\/strong><br>\u3000La lengua como veh\u00edculo de la cultura<br>\u3000Papel intelectual y cultural de las lenguas ind\u00edgenas y minorizadas<br>\u3000Conocimientos y pr\u00e1cticas socioculturales<br>\u3000Actitudes ling\u00fc\u00edsticas e ideolog\u00eda<br>\u3000Nuevos hablantes (neohablantes) y reindigenizaci\u00f3n (revernacularizaci\u00f3n)<\/p>\n\n\n\n<p class=\"wp-block-paragraph\"><strong>Lengua y Poder<\/strong><br>\u3000Pol\u00edtica y planificaci\u00f3n ling\u00fc\u00edstica ascendente y descendente<br>\u3000Descolonizaci\u00f3n y globalizaci\u00f3n<br>\u3000Derechos ling\u00fc\u00edsticos<br>\u3000Pruebas y evaluaci\u00f3n ling\u00fc\u00edsticas<br>\u3000Dialectolog\u00eda y normalizaci\u00f3n<\/p>","protected":false},"excerpt":{"rendered":"<p>\u3053\u306e\u4f1a\u8b70\u3067\u306f\u3001\u4ee5\u4e0b\u306e\u3088\u3046\u306a\u30c8\u30d4\u30c3\u30af\u3092\u30ab\u30d0\u30fc\u3057\u307e\u3059\u3002 \u8a00\u8a9e\u7684\u591a\u69d8\u6027\u3068\u518d\u6d3b\u6027\u5316\u3000\u7814\u7a76\u3001\u7406\u8ad6\u3001\u5b9f\u8df5\u306e\u4ea4\u5dee\u3000\u591a\u69d8\u6027\u306e\u6b74 [&hellip;]<\/p>\n","protected":false},"author":140954829,"featured_media":0,"parent":0,"menu_order":0,"comment_status":"closed","ping_status":"closed","template":"","meta":{"_crdt_document":"","advanced_seo_description":"","jetpack_seo_html_title":"","jetpack_seo_noindex":false,"jetpack_post_was_ever_published":false,"footnotes":""},"class_list":["post-204","page","type-page","status-publish","hentry"],"jetpack_likes_enabled":true,"jetpack_sharing_enabled":true,"jetpack_shortlink":"https:\/\/wp.me\/Pg3LYg-3i","jetpack-related-posts":[],"_links":{"self":[{"href":"https:\/\/cirlim-iv.com\/es\/wp-json\/wp\/v2\/pages\/204","targetHints":{"allow":["GET"]}}],"collection":[{"href":"https:\/\/cirlim-iv.com\/es\/wp-json\/wp\/v2\/pages"}],"about":[{"href":"https:\/\/cirlim-iv.com\/es\/wp-json\/wp\/v2\/types\/page"}],"author":[{"embeddable":true,"href":"https:\/\/cirlim-iv.com\/es\/wp-json\/wp\/v2\/users\/140954829"}],"replies":[{"embeddable":true,"href":"https:\/\/cirlim-iv.com\/es\/wp-json\/wp\/v2\/comments?post=204"}],"version-history":[{"count":11,"href":"https:\/\/cirlim-iv.com\/es\/wp-json\/wp\/v2\/pages\/204\/revisions"}],"predecessor-version":[{"id":232,"href":"https:\/\/cirlim-iv.com\/es\/wp-json\/wp\/v2\/pages\/204\/revisions\/232"}],"wp:attachment":[{"href":"https:\/\/cirlim-iv.com\/es\/wp-json\/wp\/v2\/media?parent=204"}],"curies":[{"name":"wp","href":"https:\/\/api.w.org\/{rel}","templated":true}]}}