{"id":1907,"date":"2025-05-01T23:08:01","date_gmt":"2025-05-01T14:08:01","guid":{"rendered":"https:\/\/cirlim-iv.com\/?page_id=1907"},"modified":"2025-08-31T11:52:06","modified_gmt":"2025-08-31T02:52:06","slug":"instructions","status":"publish","type":"page","link":"https:\/\/cirlim-iv.com\/fr\/instructions","title":{"rendered":"Instructions."},"content":{"rendered":"<h2 class=\"wp-block-heading\">Instruction pour les pr\u00e9sentateurs.<\/h2>\n\n\n\n<h3 class=\"wp-block-heading\">Langues utilis\u00e9es.<\/h3>\n\n\n\n<ul class=\"wp-block-list\">\n<li>Lors des sessions de questions-r\u00e9ponses, il n'y a pas de restriction quant \u00e0 la langue utilis\u00e9e, tant que la communication est \u00e9tablie.<\/li>\n<\/ul>\n\n\n\n<h3 class=\"wp-block-heading\">\u00c0 propos de l'\u00e9quipement<\/h3>\n\n\n\n<ul class=\"wp-block-list\">\n<li>Si vous utilisez un ordinateur portable que vous avez apport\u00e9 avec vous\n<ul class=\"wp-block-list\">\n<li>Le connecteur du projecteur est HDMI.<\/li>\n\n\n\n<li>Vous pouvez utiliser eduroam pour vous connecter \u00e0 l'internet ; veuillez pr\u00e9parer votre propre compte eduroam. Vous devez \u00e9galement v\u00e9rifier vous-m\u00eame l'\u00e9tat de la connexion sur le site avant votre pr\u00e9sentation.<\/li>\n<\/ul>\n<\/li>\n\n\n\n<li>En cas d'utilisation d'un PC install\u00e9 sur place\n<ul class=\"wp-block-list\">\n<li>Il se peut que les ordinateurs de la salle ne soient pas connect\u00e9s \u00e0 l'internet.<\/li>\n\n\n\n<li>Apportez une cl\u00e9 USB (Tyep-A) contenant les fichiers \u00e0 utiliser et copiez les fichiers sur un PC sur place.<\/li>\n\n\n\n<li>Des fichiers PowerPoint (pptx) et des fichiers PDF (pdf) sont disponibles.<\/li>\n\n\n\n<li>Lorsque vous utilisez des fichiers PDF, int\u00e9grez les polices.<\/li>\n\n\n\n<li>Si des fichiers vid\u00e9o sont utilis\u00e9s, ils doivent \u00eatre au format mp4 ; si des fichiers audio sont utilis\u00e9s, ils doivent \u00eatre au format mp3.<\/li>\n<\/ul>\n<\/li>\n<\/ul>\n\n\n\n<h3 class=\"wp-block-heading\">Autres notes.<\/h3>\n\n\n\n<ul class=\"wp-block-list\">\n<li>Il n'existe aucune r\u00e8gle concernant le fait de filmer, d'enregistrer, de filmer ou de distribuer des pr\u00e9sentations sur des sites de r\u00e9seaux sociaux, etc. Les pr\u00e9sentateurs doivent indiquer au d\u00e9but de leur pr\u00e9sentation si celle-ci peut ou non \u00eatre film\u00e9e, enregistr\u00e9e, film\u00e9e ou diffus\u00e9e sur des services de r\u00e9seaux sociaux, etc. Le comit\u00e9 d'organisation ne r\u00e9pondra pas aux probl\u00e8mes qui pourraient survenir en l'absence d'une telle clarification.<\/li>\n\n\n\n<li>Si vous avez besoin d'un certificat de pr\u00e9sentation, vous pouvez en faire la demande apr\u00e8s la conf\u00e9rence en utilisant le formulaire ci-dessous.\n<ul class=\"wp-block-list\">\n<li><a href=\"https:\/\/form.jotform.com\/252418390863058\">https:\/\/form.jotform.com\/252418390863058<\/a><\/li>\n<\/ul>\n<\/li>\n<\/ul>\n\n\n\n<h3 class=\"wp-block-heading\">Note \u00e0 l'attention des pr\u00e9sentateurs en ligne (en principe uniquement des \u00e9tudiants).<\/h3>\n\n\n\n<ul class=\"wp-block-list\">\n<li>Apr\u00e8s votre inscription, veillez \u00e0 nous envoyer une copie de votre carte d'\u00e9tudiant en utilisant le formulaire ci-dessous. Si nous ne recevons pas cette copie avant le 1er juin, votre pr\u00e9sentation sera retir\u00e9e du programme.\n<ul class=\"wp-block-list\">\n<li><a href=\"https:\/\/form.jotform.com\/250917193741965\">https:\/\/form.jotform.com\/250917193741965<\/a><\/li>\n<\/ul>\n<\/li>\n\n\n\n<li>Avant le 31 juillet, envoyez le lien pour la pr\u00e9sentation en ligne en utilisant le formulaire ci-dessous.\n<ul class=\"wp-block-list\">\n<li><a href=\"https:\/\/form.jotform.com\/250898188329070\">https:\/\/form.jotform.com\/250898188329070<\/a><\/li>\n<\/ul>\n<\/li>\n<\/ul>\n\n\n\n<p class=\"wp-block-paragraph\"><\/p>","protected":false},"excerpt":{"rendered":"<p>\u767a\u8868\u8005\u306b\u5bfe\u3059\u308b\u30a4\u30f3\u30b9\u30c8\u30e9\u30af\u30b7\u30e7\u30f3 \u4f7f\u7528\u8a00\u8a9e\u306b\u3064\u3044\u3066 \u6a5f\u6750\u306b\u3064\u3044\u3066 \u305d\u306e\u4ed6\u306e\u6ce8\u610f\u4e8b\u9805 \u30aa\u30f3\u30e9\u30a4\u30f3\u767a\u8868\u8005\uff08\u539f\u5247\u3068\u3057 [&hellip;]<\/p>\n","protected":false},"author":140954829,"featured_media":0,"parent":0,"menu_order":0,"comment_status":"closed","ping_status":"closed","template":"","meta":{"_crdt_document":"","advanced_seo_description":"\u767a\u8868\u8005\u5411\u3051\u306e\u30a4\u30f3\u30b9\u30c8\u30e9\u30af\u30b7\u30e7\u30f3\u3092\u78ba\u8a8d\u3057\u3001\u6a5f\u6750\u3084\u8a00\u8a9e\u306e\u4f7f\u7528\u306b\u3064\u3044\u3066\u306e\u91cd\u8981\u306a\u60c5\u5831\u3092\u5f97\u307e\u3057\u3087\u3046\u3002","jetpack_seo_html_title":"\u767a\u8868\u8005\u5411\u3051\u30a4\u30f3\u30b9\u30c8\u30e9\u30af\u30b7\u30e7\u30f3\u3068\u6a5f\u6750\u306e\u4f7f\u3044\u65b9\u30ac\u30a4\u30c9","jetpack_seo_noindex":true,"jetpack_post_was_ever_published":false,"footnotes":""},"class_list":["post-1907","page","type-page","status-publish","hentry"],"jetpack_likes_enabled":true,"jetpack_sharing_enabled":true,"jetpack_shortlink":"https:\/\/wp.me\/Pg3LYg-uL","jetpack-related-posts":[],"_links":{"self":[{"href":"https:\/\/cirlim-iv.com\/fr\/wp-json\/wp\/v2\/pages\/1907","targetHints":{"allow":["GET"]}}],"collection":[{"href":"https:\/\/cirlim-iv.com\/fr\/wp-json\/wp\/v2\/pages"}],"about":[{"href":"https:\/\/cirlim-iv.com\/fr\/wp-json\/wp\/v2\/types\/page"}],"author":[{"embeddable":true,"href":"https:\/\/cirlim-iv.com\/fr\/wp-json\/wp\/v2\/users\/140954829"}],"replies":[{"embeddable":true,"href":"https:\/\/cirlim-iv.com\/fr\/wp-json\/wp\/v2\/comments?post=1907"}],"version-history":[{"count":19,"href":"https:\/\/cirlim-iv.com\/fr\/wp-json\/wp\/v2\/pages\/1907\/revisions"}],"predecessor-version":[{"id":5462,"href":"https:\/\/cirlim-iv.com\/fr\/wp-json\/wp\/v2\/pages\/1907\/revisions\/5462"}],"wp:attachment":[{"href":"https:\/\/cirlim-iv.com\/fr\/wp-json\/wp\/v2\/media?parent=1907"}],"curies":[{"name":"wp","href":"https:\/\/api.w.org\/{rel}","templated":true}]}}