{"id":557,"date":"2024-12-16T01:38:13","date_gmt":"2024-12-15T16:38:13","guid":{"rendered":"https:\/\/cirlim-iv.com\/?page_id=557"},"modified":"2025-07-26T09:59:57","modified_gmt":"2025-07-26T00:59:57","slug":"registration","status":"publish","type":"page","link":"https:\/\/cirlim-iv.com\/fr\/registration","title":{"rendered":"Inscription"},"content":{"rendered":"<h2 class=\"wp-block-heading\">co\u00fbt de la participation<\/h2>\n\n\n\n<figure class=\"wp-block-table is-style-vk-table-border-stripes\"><table class=\"has-fixed-layout\"><tbody><tr><td class=\"has-text-align-left\" data-align=\"left\"><strong><span data-fontsize=\"21px\" style=\"font-size: 21px;\" class=\"vk_inline-font-size\">Classification<\/span><\/strong><\/td><td class=\"has-text-align-center\" data-align=\"center\"><strong><span data-fontsize=\"21px\" style=\"font-size: 21px;\" class=\"vk_inline-font-size\">Prix<\/span><\/strong><\/td><\/tr><tr><td class=\"has-text-align-left\" data-align=\"left\"><span data-fontsize=\"18px\" style=\"font-size: 18px;\" class=\"vk_inline-font-size\">G\u00e9n\u00e9ral (3 jours)<\/span><\/td><td class=\"has-text-align-center\" data-align=\"center\"><span data-fontsize=\"18px\" style=\"font-size: 18px;\" class=\"vk_inline-font-size\">18 000 JPY.<\/span><\/td><\/tr><tr><td class=\"has-text-align-left\" data-align=\"left\"><span data-fontsize=\"18px\" style=\"font-size: 18px;\" class=\"vk_inline-font-size\">G\u00e9n\u00e9ral (3 jours et r\u00e9duction pour candidature anticip\u00e9e*)<\/span><\/td><td class=\"has-text-align-center\" data-align=\"center\"><span data-fontsize=\"18px\" style=\"font-size: 18px;\" class=\"vk_inline-font-size\">13 500 JPY.<\/span><\/td><\/tr><tr><td class=\"has-text-align-left\" data-align=\"left\"><span data-fontsize=\"18px\" style=\"font-size: 18px;\" class=\"vk_inline-font-size\">G\u00e9n\u00e9ral (1 jour)<\/span><\/td><td class=\"has-text-align-center\" data-align=\"center\"><span data-fontsize=\"18px\" style=\"font-size: 18px;\" class=\"vk_inline-font-size\">10,000 JPY.<\/span><\/td><\/tr><tr><td class=\"has-text-align-left\" data-align=\"left\"><span data-fontsize=\"18px\" style=\"font-size: 18px;\" class=\"vk_inline-font-size\">\u00c9tudiant<\/span><span data-fontsize=\"18px\" style=\"font-size: 18px;\" class=\"vk_inline-font-size\">(3 jours)<\/span><\/td><td class=\"has-text-align-center\" data-align=\"center\"><span data-fontsize=\"18px\" style=\"font-size: 18px;\" class=\"vk_inline-font-size\">4 000 yens<\/span><\/td><\/tr><\/tbody><\/table><\/figure>\n\n\n\n<div class=\"wp-block-vk-blocks-alert vk_alert alert alert-info\"><div class=\"vk_alert_content\">\n<p class=\"wp-block-paragraph\">*Si vous d\u00e9posez votre candidature avant le 11 juillet 2025, une r\u00e9duction pour candidature anticip\u00e9e s'applique.<\/p>\n<\/div><\/div>\n\n\n\n<h2 class=\"wp-block-heading\">L'enregistrement commence le 7 avril 2025.<\/h2>\n\n\n\n<h2 class=\"wp-block-heading\"><mark style=\"background-color:rgba(0, 0, 0, 0)\" class=\"has-inline-color has-white-color\"><a href=\"https:\/\/cirlim-iv-tickets.peatix.com\" target=\"_blank\" rel=\"noreferrer noopener\"><span data-color=\"#fffd6b\" style=\"--vk-highlighter-color: rgba(255, 253, 107, 0.7);\" class=\"vk_highlighter\">Page d'inscription<\/span><\/a> <\/mark><img data-recalc-dims=\"1\" loading=\"lazy\" decoding=\"async\" width=\"51\" height=\"51\" data-attachment-id=\"2915\" data-permalink=\"https:\/\/cirlim-iv.com\/fr\/registration\/link-2\" data-orig-file=\"https:\/\/i0.wp.com\/cirlim-iv.com\/wp-content\/uploads\/2025\/05\/LINK-1.png?fit=51%2C51&amp;ssl=1\" data-orig-size=\"51,51\" data-comments-opened=\"1\" data-image-meta=\"{&quot;aperture&quot;:&quot;0&quot;,&quot;credit&quot;:&quot;&quot;,&quot;camera&quot;:&quot;&quot;,&quot;caption&quot;:&quot;&quot;,&quot;created_timestamp&quot;:&quot;0&quot;,&quot;copyright&quot;:&quot;&quot;,&quot;focal_length&quot;:&quot;0&quot;,&quot;iso&quot;:&quot;0&quot;,&quot;shutter_speed&quot;:&quot;0&quot;,&quot;title&quot;:&quot;&quot;,&quot;orientation&quot;:&quot;0&quot;}\" data-image-title=\"LINK\" data-image-description=\"\" data-image-caption=\"\" data-large-file=\"https:\/\/i0.wp.com\/cirlim-iv.com\/wp-content\/uploads\/2025\/05\/LINK-1.png?fit=51%2C51&amp;ssl=1\" class=\"wp-image-2915\" style=\"width: 51px;\" src=\"https:\/\/i0.wp.com\/cirlim-iv.com\/wp-content\/uploads\/2025\/05\/LINK-1.png?resize=51%2C51&#038;ssl=1\" alt=\"Lien externe\" srcset=\"https:\/\/i0.wp.com\/cirlim-iv.com\/wp-content\/uploads\/2025\/05\/LINK-1.png?w=51&amp;ssl=1 51w, https:\/\/i0.wp.com\/cirlim-iv.com\/wp-content\/uploads\/2025\/05\/LINK-1.png?resize=12%2C12&amp;ssl=1 12w\" sizes=\"auto, (max-width: 51px) 100vw, 51px\" \/><\/h2>\n\n\n\n<h2 class=\"wp-block-heading\">Si vous vous inscrivez au tarif \u00e9tudiant, veuillez soumettre une copie de votre carte d'\u00e9tudiant (ou \u00e9quivalent).\u3000Pour l'envoi.<a href=\"https:\/\/form.jotform.com\/250917193741965\" target=\"_blank\" rel=\"noreferrer noopener\"><span data-color=\"#fffd6b\" style=\"--vk-highlighter-color: rgba(255, 253, 107, 0.7);\" class=\"vk_highlighter\">formulaire<\/span><\/a><img data-recalc-dims=\"1\" loading=\"lazy\" decoding=\"async\" width=\"51\" height=\"51\" data-attachment-id=\"2915\" data-permalink=\"https:\/\/cirlim-iv.com\/fr\/registration\/link-2\" data-orig-file=\"https:\/\/i0.wp.com\/cirlim-iv.com\/wp-content\/uploads\/2025\/05\/LINK-1.png?fit=51%2C51&amp;ssl=1\" data-orig-size=\"51,51\" data-comments-opened=\"1\" data-image-meta=\"{&quot;aperture&quot;:&quot;0&quot;,&quot;credit&quot;:&quot;&quot;,&quot;camera&quot;:&quot;&quot;,&quot;caption&quot;:&quot;&quot;,&quot;created_timestamp&quot;:&quot;0&quot;,&quot;copyright&quot;:&quot;&quot;,&quot;focal_length&quot;:&quot;0&quot;,&quot;iso&quot;:&quot;0&quot;,&quot;shutter_speed&quot;:&quot;0&quot;,&quot;title&quot;:&quot;&quot;,&quot;orientation&quot;:&quot;0&quot;}\" data-image-title=\"LINK\" data-image-description=\"\" data-image-caption=\"\" data-large-file=\"https:\/\/i0.wp.com\/cirlim-iv.com\/wp-content\/uploads\/2025\/05\/LINK-1.png?fit=51%2C51&amp;ssl=1\" class=\"wp-image-2915\" style=\"width: 51px;\" src=\"https:\/\/i0.wp.com\/cirlim-iv.com\/wp-content\/uploads\/2025\/05\/LINK-1.png?resize=51%2C51&#038;ssl=1\" alt=\"Lien externe\" srcset=\"https:\/\/i0.wp.com\/cirlim-iv.com\/wp-content\/uploads\/2025\/05\/LINK-1.png?w=51&amp;ssl=1 51w, https:\/\/i0.wp.com\/cirlim-iv.com\/wp-content\/uploads\/2025\/05\/LINK-1.png?resize=12%2C12&amp;ssl=1 12w\" sizes=\"auto, (max-width: 51px) 100vw, 51px\" \/><\/h2>\n\n\n\n<p class=\"wp-block-paragraph\"><\/p>\n\n\n\n<div class=\"wp-block-vk-blocks-alert vk_alert alert alert-info\"><div class=\"vk_alert_content\">\n<p class=\"wp-block-paragraph\">Pour plus d'informations sur les re\u00e7us, consultez le lien suivant.<\/p>\n\n\n\n<p class=\"wp-block-paragraph\"><a href=\"https:\/\/help-attendee.peatix.com\/en\/support\/solutions\/articles\/44001821741\">https:\/\/help-attendee.peatix.com\/en\/support\/solutions\/articles\/44001821741<\/a><\/p>\n<\/div><\/div>\n\n\n\n<p class=\"wp-block-paragraph\"><\/p>","protected":false},"excerpt":{"rendered":"<p>\u53c2\u52a0\u8cbb \u533a\u5206 \u4fa1\u683c \u4e00\u822c\uff083\u65e5\u9593\uff09 18,000\u5186 \u4e00\u822c\uff083\u65e5\u9593\u30fb\u65e9\u671f\u7533\u8fbc\u5272\u5f15*\uff09 13,500\u5186 \u4e00\u822c\uff081\u65e5 [&hellip;]<\/p>\n","protected":false},"author":140954829,"featured_media":0,"parent":0,"menu_order":0,"comment_status":"closed","ping_status":"closed","template":"","meta":{"_crdt_document":"","advanced_seo_description":"","jetpack_seo_html_title":"","jetpack_seo_noindex":false,"footnotes":""},"class_list":["post-557","page","type-page","status-publish","hentry"],"jetpack_likes_enabled":true,"jetpack_sharing_enabled":true,"jetpack_shortlink":"https:\/\/wp.me\/Pg3LYg-8Z","jetpack-related-posts":[],"_links":{"self":[{"href":"https:\/\/cirlim-iv.com\/fr\/wp-json\/wp\/v2\/pages\/557","targetHints":{"allow":["GET"]}}],"collection":[{"href":"https:\/\/cirlim-iv.com\/fr\/wp-json\/wp\/v2\/pages"}],"about":[{"href":"https:\/\/cirlim-iv.com\/fr\/wp-json\/wp\/v2\/types\/page"}],"author":[{"embeddable":true,"href":"https:\/\/cirlim-iv.com\/fr\/wp-json\/wp\/v2\/users\/140954829"}],"replies":[{"embeddable":true,"href":"https:\/\/cirlim-iv.com\/fr\/wp-json\/wp\/v2\/comments?post=557"}],"version-history":[{"count":30,"href":"https:\/\/cirlim-iv.com\/fr\/wp-json\/wp\/v2\/pages\/557\/revisions"}],"predecessor-version":[{"id":4981,"href":"https:\/\/cirlim-iv.com\/fr\/wp-json\/wp\/v2\/pages\/557\/revisions\/4981"}],"wp:attachment":[{"href":"https:\/\/cirlim-iv.com\/fr\/wp-json\/wp\/v2\/media?parent=557"}],"curies":[{"name":"wp","href":"https:\/\/api.w.org\/{rel}","templated":true}]}}